{"id":14,"date":"2015-12-01T19:03:30","date_gmt":"2015-12-01T18:03:30","guid":{"rendered":"http:\/\/cedricseguin.com\/?page_id=14"},"modified":"2025-03-09T11:12:43","modified_gmt":"2025-03-09T10:12:43","slug":"boutique","status":"publish","type":"page","link":"https:\/\/cedricseguin.com\/index.php\/boutique\/","title":{"rendered":"Boutique"},"content":{"rendered":"\n<h2 class=\"wp-block-heading\">Tirages d&rsquo;art<\/h2>\n\n\n\n<div class=\"wp-block-group is-nowrap is-layout-flex wp-container-core-group-is-layout-6c531013 wp-block-group-is-layout-flex\">\n<p class=\"has-text-align-center\">Un tirage d&rsquo;art est une photographie imprim\u00e9e sur du papier de tr\u00e8s haute qualit\u00e9 par un laboratoire professionnel, num\u00e9rot\u00e9e et sign\u00e9e \u00e0 la main par l&rsquo;auteur dans une limite de 30 exemplaires par s\u00e9rie. Un certificat d&rsquo;authenticit\u00e9 accompagne le tirage.<\/p>\n<\/div>\n\n\n\n<figure class=\"wp-block-image aligncenter size-large is-resized\" style=\"margin-top:0;margin-bottom:0\"><img loading=\"lazy\" decoding=\"async\" width=\"1024\" height=\"768\" src=\"https:\/\/cedricseguin.com\/wp-content\/uploads\/2025\/03\/IMG_20231202_162139-1-1024x768.jpg\" alt=\"\" class=\"wp-image-1436\" style=\"aspect-ratio:3\/2;object-fit:cover;width:800px\" srcset=\"https:\/\/cedricseguin.com\/wp-content\/uploads\/2025\/03\/IMG_20231202_162139-1-1024x768.jpg 1024w, https:\/\/cedricseguin.com\/wp-content\/uploads\/2025\/03\/IMG_20231202_162139-1-300x225.jpg 300w, https:\/\/cedricseguin.com\/wp-content\/uploads\/2025\/03\/IMG_20231202_162139-1-2000x1500.jpg 2000w\" sizes=\"auto, (max-width: 1024px) 100vw, 1024px\" \/><\/figure>\n\n\n\n<p class=\"has-text-align-center\">De nombreux supports sont disponibles (Alu Dibond, Caisse am\u00e9ricaine, &#8230;).\u00a0 <a href=\"http:\/\/cedricseguin.com\/index.php\/contact\/\">Contactez moi<\/a> pour que nous choisissions ensemble les finitions les plus adapt\u00e9es \u00e0 votre commande (Choix de l&rsquo;image, taille,\u00a0 support, &#8230;)<\/p>\n\n\n\n<p class=\"has-text-align-center\">Toutes les photos pr\u00e9sent\u00e9es dans la galerie de ce site sont disponible en tirages d&rsquo;art.<\/p>\n\n\n\n<hr class=\"wp-block-separator has-alpha-channel-opacity\"\/>\n\n\n\n<h2 class=\"wp-block-heading\">Tirages simples avec passe partout<\/h2>\n\n\n\n<div class=\"wp-block-media-text is-stacked-on-mobile\"><figure class=\"wp-block-media-text__media\"><img loading=\"lazy\" decoding=\"async\" width=\"1024\" height=\"768\" src=\"https:\/\/cedricseguin.com\/wp-content\/uploads\/2025\/03\/IMG_20221123_220028-1024x768.jpg\" alt=\"\" class=\"wp-image-1433 size-full\" srcset=\"https:\/\/cedricseguin.com\/wp-content\/uploads\/2025\/03\/IMG_20221123_220028-1024x768.jpg 1024w, https:\/\/cedricseguin.com\/wp-content\/uploads\/2025\/03\/IMG_20221123_220028-300x225.jpg 300w, https:\/\/cedricseguin.com\/wp-content\/uploads\/2025\/03\/IMG_20221123_220028-2000x1500.jpg 2000w\" sizes=\"auto, (max-width: 1024px) 100vw, 1024px\" \/><\/figure><div class=\"wp-block-media-text__content\">\n<p class=\"has-text-align-center\">Des impressions simples au format A4 sont disponibles pour la totalit\u00e9 de mes photo. Au format A4, ces tirages simples sont imprim\u00e9s sur du papier Premium au format 20&#215;30 cm puis mises en valeur \u00e0 l&rsquo;aide d&rsquo;un passe partout (format 30&#215;40 cm).<\/p>\n<\/div><\/div>\n\n\n\n<hr class=\"wp-block-separator has-alpha-channel-opacity is-style-default\" style=\"margin-top:var(--wp--preset--spacing--x-small);margin-bottom:var(--wp--preset--spacing--x-small)\"\/>\n\n\n\n<h2 class=\"wp-block-heading\">Cartes postales<\/h2>\n\n\n\n<div class=\"wp-block-media-text is-stacked-on-mobile\"><figure class=\"wp-block-media-text__media\"><img loading=\"lazy\" decoding=\"async\" width=\"1024\" height=\"645\" src=\"http:\/\/cedricseguin.com\/wp-content\/uploads\/2020\/04\/IMG_20191117_171251-scaled-e1588090345716-1024x645.jpg\" alt=\"\" class=\"wp-image-887 size-full\" srcset=\"https:\/\/cedricseguin.com\/wp-content\/uploads\/2020\/04\/IMG_20191117_171251-scaled-e1588090345716-1024x645.jpg 1024w, https:\/\/cedricseguin.com\/wp-content\/uploads\/2020\/04\/IMG_20191117_171251-scaled-e1588090345716-300x189.jpg 300w, https:\/\/cedricseguin.com\/wp-content\/uploads\/2020\/04\/IMG_20191117_171251-scaled-e1588090345716-768x484.jpg 768w, https:\/\/cedricseguin.com\/wp-content\/uploads\/2020\/04\/IMG_20191117_171251-scaled-e1588090345716-1536x968.jpg 1536w, https:\/\/cedricseguin.com\/wp-content\/uploads\/2020\/04\/IMG_20191117_171251-scaled-e1588090345716.jpg 1600w\" sizes=\"auto, (max-width: 1024px) 100vw, 1024px\" \/><\/figure><div class=\"wp-block-media-text__content\">\n<p class=\"has-text-align-center\">Pour garder un souvenir de mes photos ou simplement envoyer une jolie carte postale \u00e0 vos amis, je vous propose des cartes postales au format A6.<\/p>\n<\/div><\/div>\n\n\n\n<hr class=\"wp-block-separator has-alpha-channel-opacity\"\/>\n\n\n\n<h2 class=\"wp-block-heading\">Cession de droits d&rsquo;auteur<\/h2>\n\n\n\n<p class=\"has-text-align-center\">Les photographies pr\u00e9sent\u00e9es sur ce site ne pr\u00e9sentent qu&rsquo;une infime partie de ma phototh\u00e8que naturaliste sans cesse compl\u00e9t\u00e9e (oiseaux, insectes, flore, amphibiens, reptiles,\u2026). Si vous \u00eates \u00e0 la recherche d&rsquo;une photographie d&rsquo;une esp\u00e8ce ou d&rsquo;un th\u00e8me bien pr\u00e9cis, dans un but journalistique, associatif, pour une soci\u00e9t\u00e9, ou \u00e0 titre personnel, je vous invite \u00e0 prendre contact avec moi. Je vous proposerai alors les images que j&rsquo;ai \u00e0 ma disposition.<\/p>\n\n\n\n<p>Partenaires :<\/p>\n\n\n\n<div class=\"wp-block-group is-content-justification-space-between is-nowrap is-layout-flex wp-container-core-group-is-layout-cb46ffcb wp-block-group-is-layout-flex\">\n<figure class=\"wp-block-image alignleft size-large is-resized\"><img loading=\"lazy\" decoding=\"async\" width=\"1024\" height=\"1024\" src=\"http:\/\/cedricseguin.com\/wp-content\/uploads\/2015\/12\/AtlasOdonatesHongrie2-1024x1024.jpg\" alt=\"\" class=\"wp-image-836\" style=\"width:150px\"\/><\/figure>\n\n\n\n<figure class=\"wp-block-image alignleft size-full is-resized\"><a href=\"https:\/\/bfcnature.fr\/\" target=\"_blank\" rel=\" noreferrer noopener\"><img loading=\"lazy\" decoding=\"async\" width=\"150\" height=\"70\" src=\"http:\/\/cedricseguin.com\/wp-content\/uploads\/2015\/12\/BourgogneNature-e1550421581173.png\" alt=\"\" class=\"wp-image-837\" style=\"width:150px\"\/><\/a><\/figure>\n\n\n\n<figure class=\"wp-block-image alignleft size-full is-resized\"><a href=\"https:\/\/www.lpo.fr\/\" target=\"_blank\" rel=\" noreferrer noopener\"><img loading=\"lazy\" decoding=\"async\" width=\"150\" height=\"66\" src=\"http:\/\/cedricseguin.com\/wp-content\/uploads\/2015\/12\/LPO-e1550421413866.png\" alt=\"\" class=\"wp-image-838\" style=\"width:150px\"\/><\/a><\/figure>\n\n\n\n<figure class=\"wp-block-image alignleft size-thumbnail is-resized\"><a href=\"https:\/\/www.nature18.org\" target=\"_blank\" rel=\" noreferrer noopener\"><img loading=\"lazy\" decoding=\"async\" width=\"150\" height=\"150\" src=\"http:\/\/cedricseguin.com\/wp-content\/uploads\/2015\/12\/Nature18-150x150.jpg\" alt=\"\" class=\"wp-image-839\" style=\"width:150px;height:auto\"\/><\/a><\/figure>\n\n\n\n<figure class=\"wp-block-image alignleft size-full is-resized\"><a href=\"https:\/\/sympetrum.fr\/\" target=\"_blank\" rel=\" noreferrer noopener\"><img loading=\"lazy\" decoding=\"async\" width=\"480\" height=\"480\" src=\"http:\/\/cedricseguin.com\/wp-content\/uploads\/2020\/04\/sympetrum.jpeg\" alt=\"\" class=\"wp-image-883\" style=\"width:150px\" srcset=\"https:\/\/cedricseguin.com\/wp-content\/uploads\/2020\/04\/sympetrum.jpeg 480w, https:\/\/cedricseguin.com\/wp-content\/uploads\/2020\/04\/sympetrum-300x300.jpeg 300w, https:\/\/cedricseguin.com\/wp-content\/uploads\/2020\/04\/sympetrum-150x150.jpeg 150w\" sizes=\"auto, (max-width: 480px) 100vw, 480px\" \/><\/a><\/figure>\n\n\n\n<figure class=\"wp-block-image alignleft size-full is-resized\"><a href=\"https:\/\/www.parcdesvolcans.fr\/\" target=\"_blank\" rel=\" noreferrer noopener\"><img loading=\"lazy\" decoding=\"async\" width=\"105\" height=\"150\" src=\"http:\/\/cedricseguin.com\/wp-content\/uploads\/2015\/12\/PNRVA-e1550421611338.jpg\" alt=\"\" class=\"wp-image-840\" style=\"width:100px\"\/><\/a><\/figure>\n<\/div>\n\n\n\n<p class=\"has-text-align-center\"><\/p>\n\n\n\n<hr class=\"wp-block-separator has-alpha-channel-opacity is-style-wide\"\/>\n\n\n\n<p class=\"has-text-align-center\">C\u00e9dric SEGUIN &#8211; Artiste Auteur<\/p>\n\n\n\n<p class=\"has-text-align-center\">Num\u00e9ro SIRET : 823 818 679 00016<\/p>\n","protected":false},"excerpt":{"rendered":"<p>Tirages d&rsquo;art Un tirage d&rsquo;art est une photographie imprim\u00e9e sur du papier de tr\u00e8s haute qualit\u00e9 par un laboratoire professionnel, num\u00e9rot\u00e9e et sign\u00e9e \u00e0 la main par l&rsquo;auteur dans une limite de 30 exemplaires par s\u00e9rie. Un certificat d&rsquo;authenticit\u00e9 accompagne le tirage. De nombreux supports sont disponibles (Alu Dibond, Caisse am\u00e9ricaine, &#8230;).\u00a0 Contactez moi pour &hellip; <\/p>\n<p class=\"link-more\"><a href=\"https:\/\/cedricseguin.com\/index.php\/boutique\/\" class=\"more-link\">Lire la suite de<span class=\"screen-reader-text\">\u00ab\u00a0Boutique\u00a0\u00bb<\/span><\/a><\/p>\n","protected":false},"author":1,"featured_media":0,"parent":0,"menu_order":5,"comment_status":"closed","ping_status":"closed","template":"","meta":{"om_disable_all_campaigns":false,"_monsterinsights_skip_tracking":false,"_monsterinsights_sitenote_active":false,"_monsterinsights_sitenote_note":"","_monsterinsights_sitenote_category":0,"_uf_show_specific_survey":0,"_uf_disable_surveys":false,"footnotes":""},"class_list":["post-14","page","type-page","status-publish","hentry"],"aioseo_notices":[],"_links":{"self":[{"href":"https:\/\/cedricseguin.com\/index.php\/wp-json\/wp\/v2\/pages\/14","targetHints":{"allow":["GET"]}}],"collection":[{"href":"https:\/\/cedricseguin.com\/index.php\/wp-json\/wp\/v2\/pages"}],"about":[{"href":"https:\/\/cedricseguin.com\/index.php\/wp-json\/wp\/v2\/types\/page"}],"author":[{"embeddable":true,"href":"https:\/\/cedricseguin.com\/index.php\/wp-json\/wp\/v2\/users\/1"}],"replies":[{"embeddable":true,"href":"https:\/\/cedricseguin.com\/index.php\/wp-json\/wp\/v2\/comments?post=14"}],"version-history":[{"count":78,"href":"https:\/\/cedricseguin.com\/index.php\/wp-json\/wp\/v2\/pages\/14\/revisions"}],"predecessor-version":[{"id":1437,"href":"https:\/\/cedricseguin.com\/index.php\/wp-json\/wp\/v2\/pages\/14\/revisions\/1437"}],"wp:attachment":[{"href":"https:\/\/cedricseguin.com\/index.php\/wp-json\/wp\/v2\/media?parent=14"}],"curies":[{"name":"wp","href":"https:\/\/api.w.org\/{rel}","templated":true}]}}