{"id":6,"date":"2015-12-01T19:02:07","date_gmt":"2015-12-01T18:02:07","guid":{"rendered":"http:\/\/cedricseguin.com\/?page_id=6"},"modified":"2024-11-14T21:12:08","modified_gmt":"2024-11-14T20:12:08","slug":"portrait","status":"publish","type":"page","link":"https:\/\/cedricseguin.com\/index.php\/portrait\/","title":{"rendered":"L&rsquo;artiste"},"content":{"rendered":"<p style=\"text-align: left;\"><img loading=\"lazy\" decoding=\"async\" class=\"alignleft wp-image-1010\" src=\"http:\/\/cedricseguin.com\/wp-content\/uploads\/2020\/04\/20191012-IMG_20191012_110056-XXXXXX-2-carre-300x300.jpg\" alt=\"\" width=\"289\" height=\"289\" \/>N\u00e9 dans la campagne franc-comtoise, j&rsquo;ai grandi dans un environnement tr\u00e8s rural dans lequel je me suis tr\u00e8s vite passionn\u00e9 pour la nature et les petites b\u00eates qui nous entourent. Tr\u00e8s logiquement, je me suis orient\u00e9 vers des \u00e9tudes scientifiques dans le but de devenir \u00e9cologue et ainsi mieux connaitre la faune et la flore.<\/p>\n<p style=\"text-align: left;\">Mes \u00e9tudes m&rsquo;ont amen\u00e9 \u00e0 d\u00e9couvrir plusieurs r\u00e9gions fran\u00e7aises ayant chacune leur particularit\u00e9s et leurs attraits, leurs paysages, leur faune et leur flore atypique. Mes voyages professionnels et de loisir m&rsquo;ont permis de d\u00e9couvrir une multitude d&rsquo;esp\u00e8ces, plus originales les unes que les autres. La photographie est rapidement devenue un outil de communication pour immortaliser et partager \u00e0 mon entourage les merveilles que nous avons autour de nous, mais que trop peu de personnes prend le temps d&rsquo;admirer. A force de patience et de lecture, j&rsquo;ai progress\u00e9 de mani\u00e8re autodidacte pour tenter de pr\u00e9senter des clich\u00e9s qui \u00e9voquent du mieux possible les ambiances des prises de vues.<\/p>\n<p>Progressivement, mon regard a \u00e9volu\u00e9 et je suis aujourd&rsquo;hui beaucoup plus sensible au c\u00f4t\u00e9 artistique et \u00e0 la composition de l&rsquo;image. J&rsquo;aime mettre en valeur un sujet, que ce soit dans une image tr\u00e8s \u00e9pur\u00e9e ou avec une ambiance beaucoup plus graphique. J&rsquo;esp\u00e8re ainsi pouvoir vous \u00e9merveiller ne serait ce qu&rsquo;un bref instant devant la beaut\u00e9 de ce monde.<\/p>\n<p style=\"text-align: justify;\">Tr\u00e8s attach\u00e9 \u00e0 l&rsquo;aspect \u00ab\u00a0naturel\u00a0\u00bb, toutes les photos pr\u00e9sent\u00e9es ici ont \u00e9t\u00e9 r\u00e9alis\u00e9es \u00e0 l&rsquo;\u00e9tat sauvage.<\/p>\n<p style=\"text-align: justify;\">Si vous souhaitez laisser une trace de votre passage, n\u2019h\u00e9sitez pas \u00e0 me laisser un message <a href=\"http:\/\/cedricseguin.com\/index.php\/contact\/\">ici<\/a><\/p>\n<p style=\"text-align: left;\">Vous pouvez \u00e9galement retrouver mon travail sur les r\u00e9seaux sociaux en cliquant sur les ic\u00f4nes correspondants.<\/p>\n<hr \/>\n\n\n<ul class=\"wp-block-social-links aligncenter is-layout-flex wp-block-social-links-is-layout-flex\">\n\n<li class=\"wp-social-link wp-social-link-facebook  wp-block-social-link\"><a href=\"https:\/\/www.facebook.com\/cedric.seguin.photographie\" class=\"wp-block-social-link-anchor\"><svg width=\"24\" height=\"24\" viewBox=\"0 0 24 24\" version=\"1.1\" xmlns=\"http:\/\/www.w3.org\/2000\/svg\" aria-hidden=\"true\" focusable=\"false\"><path d=\"M12 2C6.5 2 2 6.5 2 12c0 5 3.7 9.1 8.4 9.9v-7H7.9V12h2.5V9.8c0-2.5 1.5-3.9 3.8-3.9 1.1 0 2.2.2 2.2.2v2.5h-1.3c-1.2 0-1.6.8-1.6 1.6V12h2.8l-.4 2.9h-2.3v7C18.3 21.1 22 17 22 12c0-5.5-4.5-10-10-10z\"><\/path><\/svg><span class=\"wp-block-social-link-label screen-reader-text\">Facebook<\/span><\/a><\/li>\n\n\n\n<li class=\"wp-social-link wp-social-link-instagram  wp-block-social-link\"><a href=\"https:\/\/www.instagram.com\/cedric_seguin_photo\/\" class=\"wp-block-social-link-anchor\"><svg width=\"24\" height=\"24\" viewBox=\"0 0 24 24\" version=\"1.1\" xmlns=\"http:\/\/www.w3.org\/2000\/svg\" aria-hidden=\"true\" focusable=\"false\"><path d=\"M12,4.622c2.403,0,2.688,0.009,3.637,0.052c0.877,0.04,1.354,0.187,1.671,0.31c0.42,0.163,0.72,0.358,1.035,0.673 c0.315,0.315,0.51,0.615,0.673,1.035c0.123,0.317,0.27,0.794,0.31,1.671c0.043,0.949,0.052,1.234,0.052,3.637 s-0.009,2.688-0.052,3.637c-0.04,0.877-0.187,1.354-0.31,1.671c-0.163,0.42-0.358,0.72-0.673,1.035 c-0.315,0.315-0.615,0.51-1.035,0.673c-0.317,0.123-0.794,0.27-1.671,0.31c-0.949,0.043-1.233,0.052-3.637,0.052 s-2.688-0.009-3.637-0.052c-0.877-0.04-1.354-0.187-1.671-0.31c-0.42-0.163-0.72-0.358-1.035-0.673 c-0.315-0.315-0.51-0.615-0.673-1.035c-0.123-0.317-0.27-0.794-0.31-1.671C4.631,14.688,4.622,14.403,4.622,12 s0.009-2.688,0.052-3.637c0.04-0.877,0.187-1.354,0.31-1.671c0.163-0.42,0.358-0.72,0.673-1.035 c0.315-0.315,0.615-0.51,1.035-0.673c0.317-0.123,0.794-0.27,1.671-0.31C9.312,4.631,9.597,4.622,12,4.622 M12,3 C9.556,3,9.249,3.01,8.289,3.054C7.331,3.098,6.677,3.25,6.105,3.472C5.513,3.702,5.011,4.01,4.511,4.511 c-0.5,0.5-0.808,1.002-1.038,1.594C3.25,6.677,3.098,7.331,3.054,8.289C3.01,9.249,3,9.556,3,12c0,2.444,0.01,2.751,0.054,3.711 c0.044,0.958,0.196,1.612,0.418,2.185c0.23,0.592,0.538,1.094,1.038,1.594c0.5,0.5,1.002,0.808,1.594,1.038 c0.572,0.222,1.227,0.375,2.185,0.418C9.249,20.99,9.556,21,12,21s2.751-0.01,3.711-0.054c0.958-0.044,1.612-0.196,2.185-0.418 c0.592-0.23,1.094-0.538,1.594-1.038c0.5-0.5,0.808-1.002,1.038-1.594c0.222-0.572,0.375-1.227,0.418-2.185 C20.99,14.751,21,14.444,21,12s-0.01-2.751-0.054-3.711c-0.044-0.958-0.196-1.612-0.418-2.185c-0.23-0.592-0.538-1.094-1.038-1.594 c-0.5-0.5-1.002-0.808-1.594-1.038c-0.572-0.222-1.227-0.375-2.185-0.418C14.751,3.01,14.444,3,12,3L12,3z M12,7.378 c-2.552,0-4.622,2.069-4.622,4.622S9.448,16.622,12,16.622s4.622-2.069,4.622-4.622S14.552,7.378,12,7.378z M12,15 c-1.657,0-3-1.343-3-3s1.343-3,3-3s3,1.343,3,3S13.657,15,12,15z M16.804,6.116c-0.596,0-1.08,0.484-1.08,1.08 s0.484,1.08,1.08,1.08c0.596,0,1.08-0.484,1.08-1.08S17.401,6.116,16.804,6.116z\"><\/path><\/svg><span class=\"wp-block-social-link-label screen-reader-text\">Instagram<\/span><\/a><\/li>\n\n\n\n\n\n<li class=\"wp-social-link wp-social-link-flickr  wp-block-social-link\"><a href=\"https:\/\/www.flickr.com\/photos\/cedricseguin\/\" class=\"wp-block-social-link-anchor\"><svg width=\"24\" height=\"24\" viewBox=\"0 0 24 24\" version=\"1.1\" xmlns=\"http:\/\/www.w3.org\/2000\/svg\" aria-hidden=\"true\" focusable=\"false\"><path d=\"M6.5,7c-2.75,0-5,2.25-5,5s2.25,5,5,5s5-2.25,5-5S9.25,7,6.5,7z M17.5,7c-2.75,0-5,2.25-5,5s2.25,5,5,5s5-2.25,5-5 S20.25,7,17.5,7z\"><\/path><\/svg><span class=\"wp-block-social-link-label screen-reader-text\">Flickr<\/span><\/a><\/li>\n\n\n\n\n\n<\/ul>\n\n\n\n<figure class=\"wp-block-image aligncenter size-large\"><a href=\"http:\/\/cedricseguin.com\/wp-content\/uploads\/2024\/11\/20220612_C.seguin.jpg\"><img loading=\"lazy\" decoding=\"async\" width=\"1024\" height=\"684\" src=\"http:\/\/cedricseguin.com\/wp-content\/uploads\/2024\/11\/20220612_C.seguin-1024x684.jpg\" alt=\"\" class=\"wp-image-1175\" srcset=\"https:\/\/cedricseguin.com\/wp-content\/uploads\/2024\/11\/20220612_C.seguin-1024x684.jpg 1024w, https:\/\/cedricseguin.com\/wp-content\/uploads\/2024\/11\/20220612_C.seguin-300x200.jpg 300w, https:\/\/cedricseguin.com\/wp-content\/uploads\/2024\/11\/20220612_C.seguin-2000x1336.jpg 2000w, https:\/\/cedricseguin.com\/wp-content\/uploads\/2024\/11\/20220612_C.seguin.jpg 2048w\" sizes=\"auto, (max-width: 1024px) 100vw, 1024px\" \/><\/a><\/figure>\n\n\n\n<hr class=\"wp-block-separator has-css-opacity\"\/>\n\n\n\n<p class=\"has-text-align-center\">C\u00e9dric SEGUIN &#8211; Artiste Auteur<\/p>\n\n\n\n<p class=\"has-text-align-center\">Num\u00e9ro SIRET : 823 818 679 00016<\/p>\n","protected":false},"excerpt":{"rendered":"<p>N\u00e9 dans la campagne franc-comtoise, j&rsquo;ai grandi dans un environnement tr\u00e8s rural dans lequel je me suis tr\u00e8s vite passionn\u00e9 pour la nature et les petites b\u00eates qui nous entourent. Tr\u00e8s logiquement, je me suis orient\u00e9 vers des \u00e9tudes scientifiques dans le but de devenir \u00e9cologue et ainsi mieux connaitre la faune et la flore. &hellip; <\/p>\n<p class=\"link-more\"><a href=\"https:\/\/cedricseguin.com\/index.php\/portrait\/\" class=\"more-link\">Lire la suite de<span class=\"screen-reader-text\">\u00ab\u00a0L&rsquo;artiste\u00a0\u00bb<\/span><\/a><\/p>\n","protected":false},"author":1,"featured_media":0,"parent":0,"menu_order":2,"comment_status":"closed","ping_status":"closed","template":"","meta":{"om_disable_all_campaigns":false,"_monsterinsights_skip_tracking":false,"_monsterinsights_sitenote_active":false,"_monsterinsights_sitenote_note":"","_monsterinsights_sitenote_category":0,"_uf_show_specific_survey":0,"_uf_disable_surveys":false,"footnotes":""},"class_list":["post-6","page","type-page","status-publish","hentry"],"aioseo_notices":[],"_links":{"self":[{"href":"https:\/\/cedricseguin.com\/index.php\/wp-json\/wp\/v2\/pages\/6","targetHints":{"allow":["GET"]}}],"collection":[{"href":"https:\/\/cedricseguin.com\/index.php\/wp-json\/wp\/v2\/pages"}],"about":[{"href":"https:\/\/cedricseguin.com\/index.php\/wp-json\/wp\/v2\/types\/page"}],"author":[{"embeddable":true,"href":"https:\/\/cedricseguin.com\/index.php\/wp-json\/wp\/v2\/users\/1"}],"replies":[{"embeddable":true,"href":"https:\/\/cedricseguin.com\/index.php\/wp-json\/wp\/v2\/comments?post=6"}],"version-history":[{"count":44,"href":"https:\/\/cedricseguin.com\/index.php\/wp-json\/wp\/v2\/pages\/6\/revisions"}],"predecessor-version":[{"id":1218,"href":"https:\/\/cedricseguin.com\/index.php\/wp-json\/wp\/v2\/pages\/6\/revisions\/1218"}],"wp:attachment":[{"href":"https:\/\/cedricseguin.com\/index.php\/wp-json\/wp\/v2\/media?parent=6"}],"curies":[{"name":"wp","href":"https:\/\/api.w.org\/{rel}","templated":true}]}}